{"id":3,"date":"2022-01-08T10:54:07","date_gmt":"2022-01-08T10:54:07","guid":{"rendered":"https:\/\/wolfgang-steinert.at\/wordpress\/?page_id=3"},"modified":"2023-03-21T15:25:02","modified_gmt":"2023-03-21T14:25:02","slug":"privacy-policy","status":"publish","type":"page","link":"https:\/\/wolfgang-steinert.at\/index.php\/privacy-policy\/","title":{"rendered":"Impressum"},"content":{"rendered":"<div data-colibri-id=\"3-c1\" class=\"style-470 style-local-3-c1 position-relative\">\n  <!---->\n  <div data-colibri-component=\"section\" data-colibri-id=\"3-c2\" id=\"initial-content\" class=\"h-section h-section-global-spacing d-flex align-items-lg-center align-items-md-center align-items-center style-471 style-local-3-c2 position-relative\">\n    <!---->\n    <!---->\n    <div class=\"h-section-grid-container h-section-boxed-container\">\n      <!---->\n      <div data-colibri-id=\"3-c6\" class=\"h-row-container gutters-row-lg-2 gutters-row-md-2 gutters-row-0 gutters-row-v-lg-2 gutters-row-v-md-2 gutters-row-v-2 style-475 style-local-3-c6 position-relative\">\n        <!---->\n        <div class=\"h-row justify-content-lg-center justify-content-md-center justify-content-center align-items-lg-stretch align-items-md-stretch align-items-stretch gutters-col-lg-2 gutters-col-md-2 gutters-col-0 gutters-col-v-lg-2 gutters-col-v-md-2 gutters-col-v-2\">\n          <!---->\n          <div class=\"h-column h-column-container d-flex h-col-lg-auto h-col-md-auto h-col-auto style-476-outer style-local-3-c7-outer\">\n            <div data-colibri-id=\"3-c7\" class=\"d-flex h-flex-basis h-column__inner h-px-lg-2 h-px-md-2 h-px-2 v-inner-lg-2 v-inner-md-2 v-inner-2 style-476 style-local-3-c7 position-relative\">\n              <!---->\n              <!---->\n              <div class=\"w-100 h-y-container h-column__content h-column__v-align flex-basis-100 align-self-lg-start align-self-md-start align-self-start\">\n                <!---->\n                <div data-colibri-id=\"3-c8\" class=\"h-text h-text-component style-477 style-local-3-c8 position-relative h-element\">\n                  <!---->\n                  <!---->\n                  <div class=\"\">\n                    <p>Inhaber der Website und verantwortlich<\/p>\n                  <\/div>\n                <\/div>\n                <div data-colibri-id=\"3-c9\" class=\"h-text h-text-component style-478 style-local-3-c9 position-relative h-element\">\n                  <!---->\n                  <!---->\n                  <div class=\"\">\n                    <p>Mag. Wolfgang Steinert, BA<\/p>\n                    <p>Eichengasse 30\/4;\n                      <br>3034 Maria Anzbach\n                      <br>\u00d6sterreich\n                      <br>\n                    <\/p>\n                    <p>Tel: (+43) 69912244513<\/p>\n                    <p>mail:\n                      <a href=\"mailto:ws@wolfgang-steinert.at\">ws(at)wolfgang-steinert.at<\/a>\n                    <\/p>\n                  <\/div>\n                <\/div>\n                <div data-colibri-id=\"3-c13\" class=\"h-text h-text-component style-482 style-local-3-c13 position-relative h-element\">\n                  <!---->\n                  <!---->\n                  <div class=\"\">\n                    <p>Urheberschutz und Nutzung<\/p>\n                  <\/div>\n                <\/div>\n                <div data-colibri-id=\"3-c12\" class=\"h-text h-text-component style-481 style-local-3-c12 position-relative h-element\">\n                  <!---->\n                  <!---->\n                  <div class=\"\">\n                    <p>Der Urheber r\u00e4umt Ihnen ganz konkret das Nutzungsrecht ein, sich eine private Kopie f\u00fcr pers\u00f6nliche Zwecke anzufertigen. Nicht berechtigt sind Sie dagegen, die Materialien zu ver\u00e4ndern und\/oder weiter zu geben oder gar selbst zu ver\u00f6ffentlichen.\n                      Wenn nicht ausdr\u00fccklich anders vermerkt, liegen die Urheberrechte f\u00fcr Texte, Bilder und Illustrationen bei Mag. Wolfgang Steinert<\/p>\n                  <\/div>\n                <\/div>\n                <div data-colibri-id=\"3-c22\" class=\"h-text h-text-component style-490 style-local-3-c22 position-relative h-element\">\n                  <!---->\n                  <!---->\n                  <div class=\"\">\n                    <p>Keine Haftung\n                      <br>\n                    <\/p>\n                  <\/div>\n                <\/div>\n                <div data-colibri-id=\"3-c23\" class=\"h-text h-text-component style-491 style-local-3-c23 position-relative h-element\">\n                  <!---->\n                  <!---->\n                  <div class=\"\">\n                    <p>Die Inhalte dieser Website wurden sorf\u00e4ltig gepr\u00fcft und nach bestem Wissen erstellt. F\u00fcr die hier angebotenen Informationen wird kein Anspruch auf Vollst\u00e4ndigkeit, Aktualit\u00e4t, Qualit\u00e4t und Richtigkeit erhoben. Es kann keine Verantwortung\n                      f\u00fcr Sch\u00e4den \u00fcbernommen werden, die durch das Vertrauen auf die Inhalte dieser Website oder deren Gebrauch entstehen.<\/p>\n                  <\/div>\n                <\/div>\n                <div data-colibri-id=\"3-c20\" class=\"h-text h-text-component style-488 style-local-3-c20 position-relative h-element\">\n                  <!---->\n                  <!---->\n                  <div class=\"\">\n                    <p>Abgrenzung<\/p>\n                  <\/div>\n                <\/div>\n                <div data-colibri-id=\"3-c21\" class=\"h-text h-text-component style-489 style-local-3-c21 position-relative h-element\">\n                  <!---->\n                  <!---->\n                  <div class=\"\">\n                    <p>Die Web-Pr\u00e4senz ist Teil des WWW und dementsprechend mit fremden, sich jederzeit wandeln k\u00f6nnenden Web-Sites verkn\u00fcpft, die folglich auch nicht diesem Verantwortungsbereich unterliegen und f\u00fcr die nachfolgende Informationen nicht gelten.\n                      Dass die Links weder gegen Sitten noch Gesetze versto\u00dfen, wurde genau ein mal gepr\u00fcft, bevor sie hier aufgenommen wurden. Solche Links, die zu fremden Webprojekten f\u00fchren, erkennen Sie daran: neues Browserfenster.<\/p>\n                  <\/div>\n                <\/div>\n                <div data-colibri-id=\"3-c18\" class=\"h-text h-text-component style-486 style-local-3-c18 position-relative h-element\">\n                  <!---->\n                  <!---->\n                  <div class=\"\">\n                    <p>Schutzrechtsverletzung<\/p>\n                  <\/div>\n                <\/div>\n                <div data-colibri-id=\"3-c19\" class=\"h-text h-text-component style-487 style-local-3-c19 position-relative h-element\">\n                  <!---->\n                  <!---->\n                  <div class=\"\">\n                    <p>Falls Sie vermuten, dass von dieser Website aus eines Ihrer Schutzrechte verletzt wird, teilen Sie das bitte umgehend per elektronischer Post mit, damit z\u00fcgig Abhilfe geschafft werden kann. Bitte nehmen Sie zur Kenntnis: Die zeitaufw\u00e4ndigere\n                      Einschaltung eines Anwaltes zur f\u00fcr den Dienstanbieter kostenpflichtigen Abmahnung entspricht nicht dessen wirklichen oder mutma\u00dflichen Willen.<\/p>\n                  <\/div>\n                <\/div>\n                <div data-colibri-id=\"3-c10\" class=\"h-text h-text-component style-479 style-local-3-c10 position-relative h-element\">\n                  <!---->\n                  <!---->\n                  <div class=\"\">\n                    <p>Datenschutz<\/p>\n                  <\/div>\n                <\/div>\n                <div data-colibri-id=\"3-c14\" class=\"h-text h-text-component style-483 style-local-3-c14 position-relative h-element\">\n                  <!---->\n                  <!---->\n                  <div class=\"\">\n                    <p>Wir sind den Prinzipien des Schutzes pers\u00f6nlicher Daten, der Datenvermeidung und Datensparsamkeit verpflichtet. Unsere Website nutzt keine Dienste zur Analyse des Verhaltens von NutzerInnen, die diese Website aufrufen (z.B. Google\n                      Analytics). IP-Adressen von NutzerInnen werden nicht aufgezeichnet. Es sind keine so genannten \u201eSocial Media Plugins\u201c wie Like-Buttons, Share-Buttons etc. in unsere Website eingebunden. Sie stellt keine Dienste zur Verf\u00fcgung, die\n                      eine Anmeldung und somit das Anlegen eines pers\u00f6nlichen Useraccounts erfordern (etwa Diskussionsforen, gesch\u00fctzte Benutzerbereiche etc.). Unsere Website generiert, analysiert oder speichert somit keine pers\u00f6nlichen oder aggregierten\n                      Daten \u00fcber NutzerInnen der Website.<\/p>\n                  <\/div>\n                <\/div>\n              <\/div>\n            <\/div>\n          <\/div>\n        <\/div>\n      <\/div>\n    <\/div>\n  <\/div>\n<\/div>","protected":false},"excerpt":{"rendered":"<p>Inhaber der Website und verantwortlich Mag. Wolfgang Steinert, BA Eichengasse 30\/4; 3034 Maria Anzbach \u00d6sterreich Tel: (+43) 69912244513 mail: ws(at)wolfgang-steinert.at Urheberschutz und Nutzung Der Urheber r\u00e4umt Ihnen ganz konkret das Nutzungsrecht ein, sich eine private Kopie f\u00fcr pers\u00f6nliche Zwecke anzufertigen. Nicht berechtigt sind Sie dagegen, die Materialien zu ver\u00e4ndern und\/oder weiter zu geben oder gar [&hellip;]<\/p>\n","protected":false},"author":1,"featured_media":0,"parent":0,"menu_order":0,"comment_status":"closed","ping_status":"open","template":"page-templates\/full-width-page.php","meta":{"footnotes":""},"class_list":["post-3","page","type-page","status-publish","hentry"],"_links":{"self":[{"href":"https:\/\/wolfgang-steinert.at\/index.php\/wp-json\/wp\/v2\/pages\/3","targetHints":{"allow":["GET"]}}],"collection":[{"href":"https:\/\/wolfgang-steinert.at\/index.php\/wp-json\/wp\/v2\/pages"}],"about":[{"href":"https:\/\/wolfgang-steinert.at\/index.php\/wp-json\/wp\/v2\/types\/page"}],"author":[{"embeddable":true,"href":"https:\/\/wolfgang-steinert.at\/index.php\/wp-json\/wp\/v2\/users\/1"}],"replies":[{"embeddable":true,"href":"https:\/\/wolfgang-steinert.at\/index.php\/wp-json\/wp\/v2\/comments?post=3"}],"version-history":[{"count":4,"href":"https:\/\/wolfgang-steinert.at\/index.php\/wp-json\/wp\/v2\/pages\/3\/revisions"}],"predecessor-version":[{"id":365,"href":"https:\/\/wolfgang-steinert.at\/index.php\/wp-json\/wp\/v2\/pages\/3\/revisions\/365"}],"wp:attachment":[{"href":"https:\/\/wolfgang-steinert.at\/index.php\/wp-json\/wp\/v2\/media?parent=3"}],"curies":[{"name":"wp","href":"https:\/\/api.w.org\/{rel}","templated":true}]}}