{"id":312,"date":"2023-03-08T10:08:34","date_gmt":"2023-03-08T09:08:34","guid":{"rendered":"https:\/\/wolfgang-steinert.at\/wordpress\/?page_id=312"},"modified":"2026-02-04T22:11:45","modified_gmt":"2026-02-04T21:11:45","slug":"train-the-trainer","status":"publish","type":"page","link":"https:\/\/wolfgang-steinert.at\/index.php\/train-the-trainer\/","title":{"rendered":"Train the Trainer"},"content":{"rendered":"<div data-colibri-id=\"312-c1\" class=\"style-457 style-local-312-c1 position-relative\">\n  <!---->\n  <div data-colibri-component=\"section\" data-colibri-id=\"312-c2\" id=\"initial-content\" class=\"h-section h-section-global-spacing d-flex align-items-lg-center align-items-md-center align-items-center style-458 style-local-312-c2 position-relative\">\n    <!---->\n    <!---->\n    <div class=\"h-section-grid-container h-section-boxed-container\">\n      <!---->\n      <div data-colibri-id=\"312-c3\" class=\"h-row-container gutters-row-lg-2 gutters-row-md-2 gutters-row-0 gutters-row-v-lg-2 gutters-row-v-md-2 gutters-row-v-2 style-459 style-local-312-c3 position-relative\">\n        <!---->\n        <div class=\"h-row justify-content-lg-center justify-content-md-center justify-content-center align-items-lg-stretch align-items-md-stretch align-items-stretch gutters-col-lg-2 gutters-col-md-2 gutters-col-0 gutters-col-v-lg-2 gutters-col-v-md-2 gutters-col-v-2\">\n          <!---->\n          <div class=\"h-column h-column-container d-flex h-col-lg-auto h-col-md-auto h-col-auto style-460-outer style-local-312-c4-outer\">\n            <div data-colibri-id=\"312-c4\" class=\"d-flex h-flex-basis h-column__inner h-px-lg-2 h-px-md-2 h-px-2 v-inner-lg-2 v-inner-md-2 v-inner-2 style-460 style-local-312-c4 position-relative\">\n              <!---->\n              <!---->\n              <div class=\"w-100 h-y-container h-column__content h-column__v-align flex-basis-100 align-self-lg-start align-self-md-start align-self-start\">\n                <!---->\n                <div data-colibri-id=\"312-c24\" class=\"h-global-transition-all h-heading style-641 style-local-312-c24 position-relative h-element\">\n                  <!---->\n                  <div class=\"h-heading__outer style-641 style-local-312-c24\">\n                    <!---->\n                    <!---->\n                    <h3 class=\"\">Basics f\u00fcr TrainerInnen<\/h3>\n                  <\/div>\n                <\/div>\n                <div data-colibri-id=\"312-c6\" class=\"h-text h-text-component style-469 style-local-312-c6 position-relative h-element\">\n                  <!---->\n                  <!---->\n                  <div class=\"\">\n                    <p>Trainingsdesign\n                      <br>Vorbereitung\n                      <br>Die Anfangssituation\n                      <br>M\u00f6glichkeiten des Lernens\n                      <br>Das Ende &#8211; oft erst der Anfang<\/p>\n                    <p>Die Gruppe als Verb\u00fcndete\n                      <br>Umgang mit St\u00f6rungen<\/p>\n                  <\/div>\n                <\/div>\n              <\/div>\n            <\/div>\n          <\/div>\n          <div class=\"h-column h-column-container d-flex h-col-lg-auto h-col-md-auto h-col-auto style-466-outer style-local-312-c7-outer\">\n            <div data-colibri-id=\"312-c7\" class=\"d-flex h-flex-basis h-column__inner h-px-lg-2 h-px-md-2 h-px-2 v-inner-lg-2 v-inner-md-2 v-inner-2 style-466 style-local-312-c7 position-relative\">\n              <!---->\n              <!---->\n              <div class=\"w-100 h-y-container h-column__content h-column__v-align flex-basis-100 align-self-lg-start align-self-md-start align-self-start\">\n                <!---->\n                <div data-colibri-id=\"312-c23\" class=\"h-global-transition-all h-heading style-640 style-local-312-c23 position-relative h-element\">\n                  <!---->\n                  <div class=\"h-heading__outer style-640 style-local-312-c23\">\n                    <!---->\n                    <!---->\n                    <h3 class=\"\">Pr\u00e4sentations-techniken<\/h3>\n                  <\/div>\n                <\/div>\n                <div data-colibri-id=\"312-c9\" class=\"h-text h-text-component style-467 style-local-312-c9 position-relative h-element\">\n                  <!---->\n                  <!---->\n                  <div class=\"\">\n                    <p>PowerPoint &#8211; aber richtig\n                      <br>Flipchart &#8211; noch immer aktuell\n                      <br>Mein Auftritt &#8211; Einstieg leicht gemacht\n                      <br>Spannungsbogen\n                      <br>\n                    <\/p>\n                    <p>Was tun gegen\/mit der Nervosit\u00e4t?<\/p>\n                    <p>Verbindung zur Gruppe<\/p>\n                  <\/div>\n                <\/div>\n              <\/div>\n            <\/div>\n          <\/div>\n          <div class=\"h-column h-column-container d-flex h-col-lg-auto h-col-md-auto h-col-auto style-607-outer style-local-312-c10-outer\">\n            <div data-colibri-id=\"312-c10\" class=\"d-flex h-flex-basis h-column__inner h-px-lg-2 h-px-md-2 h-px-2 v-inner-lg-2 v-inner-md-2 v-inner-2 style-607 style-local-312-c10 position-relative\">\n              <!---->\n              <!---->\n              <div class=\"w-100 h-y-container h-column__content h-column__v-align flex-basis-100 align-self-lg-start align-self-md-start align-self-start\">\n                <!---->\n                <div data-colibri-id=\"312-c11\" class=\"h-global-transition-all h-heading style-609 style-local-312-c11 position-relative h-element\">\n                  <!---->\n                  <div class=\"h-heading__outer style-609 style-local-312-c11\">\n                    <!---->\n                    <!---->\n                    <h3 class=\"\">Moderations- techniken<\/h3>\n                  <\/div>\n                <\/div>\n                <div data-colibri-id=\"312-c12\" class=\"h-text h-text-component style-608 style-local-312-c12 position-relative h-element\">\n                  <!---->\n                  <!---->\n                  <div class=\"\">\n                    <p>Unterschied zu Pr\u00e4sentation\n                      <br>Ich muss moderieren &#8211; was tun?Moderationszyklus\n                      <br>Abfragen\n                      <br>Probleme bearbeiten\n                      <br>Die Gruppe als Verb\u00fcndete\n                      <br>Umgang mit St\u00f6rungen\n                      <br>Ziele erarbeiten<\/p>\n                  <\/div>\n                <\/div>\n              <\/div>\n            <\/div>\n          <\/div>\n        <\/div>\n      <\/div>\n      <div data-colibri-id=\"312-c13\" class=\"h-row-container gutters-row-lg-2 gutters-row-md-2 gutters-row-0 gutters-row-v-lg-2 gutters-row-v-md-2 gutters-row-v-2 style-613 style-local-312-c13 position-relative\">\n        <!---->\n        <div class=\"h-row justify-content-lg-center justify-content-md-center justify-content-center align-items-lg-stretch align-items-md-stretch align-items-stretch gutters-col-lg-2 gutters-col-md-2 gutters-col-0 gutters-col-v-lg-2 gutters-col-v-md-2 gutters-col-v-2\">\n          <!---->\n          <div class=\"h-column h-column-container d-flex h-col-lg-auto h-col-md-auto h-col-auto style-614-outer style-local-312-c14-outer\">\n            <div data-colibri-id=\"312-c14\" class=\"d-flex h-flex-basis h-column__inner h-px-lg-2 h-px-md-2 h-px-2 v-inner-lg-2 v-inner-md-2 v-inner-2 style-614 style-local-312-c14 position-relative\">\n              <!---->\n              <!---->\n              <div class=\"w-100 h-y-container h-column__content h-column__v-align flex-basis-100 align-self-lg-start align-self-md-start align-self-start\">\n                <!---->\n                <div data-colibri-id=\"312-c15\" class=\"h-global-transition-all h-heading style-616 style-local-312-c15 position-relative h-element\">\n                  <!---->\n                  <div class=\"h-heading__outer style-616 style-local-312-c15\">\n                    <!---->\n                    <!---->\n                    <h3 class=\"\">Tipps und Tricks<\/h3>\n                  <\/div>\n                <\/div>\n                <div data-colibri-id=\"312-c16\" class=\"h-text h-text-component style-615 style-local-312-c16 position-relative h-element\">\n                  <!---->\n                  <!---->\n                  <div class=\"\">\n                    <p>Mythos Motivation\n                      <br>Werkzeuge &#8211; Stifte, Papier, Beamer, Bildschirm und IT\n                      <br>\n                    <\/p>\n                  <\/div>\n                <\/div>\n              <\/div>\n            <\/div>\n          <\/div>\n        <\/div>\n      <\/div>\n    <\/div>\n  <\/div>\n  <div data-colibri-component=\"section\" data-colibri-id=\"312-c17\" id=\"custom\" class=\"h-section h-section-global-spacing d-flex align-items-lg-center align-items-md-center align-items-center style-588 style-local-312-c17 position-relative\">\n    <!---->\n    <!---->\n    <div class=\"h-section-grid-container h-section-boxed-container\">\n      <!---->\n      <div data-colibri-id=\"312-c18\" class=\"h-row-container gutters-row-lg-2 gutters-row-md-2 gutters-row-0 gutters-row-v-lg-2 gutters-row-v-md-2 gutters-row-v-2 style-589 style-local-312-c18 position-relative\">\n        <!---->\n        <div class=\"h-row justify-content-lg-center justify-content-md-center justify-content-center align-items-lg-stretch align-items-md-stretch align-items-stretch gutters-col-lg-2 gutters-col-md-2 gutters-col-0 gutters-col-v-lg-2 gutters-col-v-md-2 gutters-col-v-2\">\n          <!---->\n          <div class=\"h-column h-column-container d-flex h-col-lg-auto h-col-md-auto h-col-auto style-590-outer style-local-312-c19-outer\">\n            <div data-colibri-id=\"312-c19\" class=\"d-flex h-flex-basis h-column__inner h-px-lg-2 h-px-md-2 h-px-2 v-inner-lg-2 v-inner-md-2 v-inner-2 style-590 style-local-312-c19 position-relative\">\n              <!---->\n              <!---->\n              <div class=\"w-100 h-y-container h-column__content h-column__v-align flex-basis-100 align-self-lg-start align-self-md-start align-self-start\">\n                <!---->\n                <div data-colibri-id=\"312-c20\" class=\"h-x-container style-591 style-local-312-c20 position-relative h-element\">\n                  <!---->\n                  <div class=\"h-x-container-inner style-dynamic-312-c20-group style-591-spacing style-local-312-c20-spacing\"><span class=\"h-button__outer style-592-outer style-local-312-c21-outer d-inline-flex h-element\"><a h-use-smooth-scroll=\"true\" href=\"https:\/\/wolfgang-steinert.at\/index.php\/privacy-policy\/\"  data-colibri-id=\"312-c21\" class=\"d-flex w-100 align-items-center h-button justify-content-lg-center justify-content-md-center justify-content-center style-592 style-local-312-c21 position-relative\"><!----><!----> <span>Impressum<\/span><\/a>\n                    <\/span><span class=\"h-button__outer style-593-outer style-local-312-c22-outer d-inline-flex h-element\"><a h-use-smooth-scroll=\"true\" href=\"https:\/\/wolfgang-steinert.at\/index.php\/kontakt\/\"  data-colibri-id=\"312-c22\" class=\"d-flex w-100 align-items-center h-button justify-content-lg-center justify-content-md-center justify-content-center style-593 style-local-312-c22 position-relative\"><!----><!----> <span>Kontakt<\/span><\/a>\n                    <\/span>\n                  <\/div>\n                <\/div>\n              <\/div>\n            <\/div>\n          <\/div>\n        <\/div>\n      <\/div>\n    <\/div>\n  <\/div>\n<\/div>","protected":false},"excerpt":{"rendered":"<p>Basics f\u00fcr TrainerInnen Trainingsdesign Vorbereitung Die Anfangssituation M\u00f6glichkeiten des Lernens Das Ende &#8211; oft erst der Anfang Die Gruppe als Verb\u00fcndete Umgang mit St\u00f6rungen Pr\u00e4sentations-techniken PowerPoint &#8211; aber richtig Flipchart &#8211; noch immer aktuell Mein Auftritt &#8211; Einstieg leicht gemacht Spannungsbogen Was tun gegen\/mit der Nervosit\u00e4t? Verbindung zur Gruppe Moderations- techniken Unterschied zu Pr\u00e4sentation Ich [&hellip;]<\/p>\n","protected":false},"author":1,"featured_media":0,"parent":0,"menu_order":0,"comment_status":"closed","ping_status":"closed","template":"page-templates\/full-width-page.php","meta":{"footnotes":""},"class_list":["post-312","page","type-page","status-publish","hentry"],"_links":{"self":[{"href":"https:\/\/wolfgang-steinert.at\/index.php\/wp-json\/wp\/v2\/pages\/312","targetHints":{"allow":["GET"]}}],"collection":[{"href":"https:\/\/wolfgang-steinert.at\/index.php\/wp-json\/wp\/v2\/pages"}],"about":[{"href":"https:\/\/wolfgang-steinert.at\/index.php\/wp-json\/wp\/v2\/types\/page"}],"author":[{"embeddable":true,"href":"https:\/\/wolfgang-steinert.at\/index.php\/wp-json\/wp\/v2\/users\/1"}],"replies":[{"embeddable":true,"href":"https:\/\/wolfgang-steinert.at\/index.php\/wp-json\/wp\/v2\/comments?post=312"}],"version-history":[{"count":8,"href":"https:\/\/wolfgang-steinert.at\/index.php\/wp-json\/wp\/v2\/pages\/312\/revisions"}],"predecessor-version":[{"id":780,"href":"https:\/\/wolfgang-steinert.at\/index.php\/wp-json\/wp\/v2\/pages\/312\/revisions\/780"}],"wp:attachment":[{"href":"https:\/\/wolfgang-steinert.at\/index.php\/wp-json\/wp\/v2\/media?parent=312"}],"curies":[{"name":"wp","href":"https:\/\/api.w.org\/{rel}","templated":true}]}}