{"id":6,"date":"2022-01-08T11:10:34","date_gmt":"2022-01-08T11:10:34","guid":{"rendered":"https:\/\/wolfgang-steinert.at\/wordpress\/?page_id=6"},"modified":"2026-04-13T20:47:18","modified_gmt":"2026-04-13T18:47:18","slug":"ueber-uns","status":"publish","type":"page","link":"https:\/\/wolfgang-steinert.at\/index.php\/ueber-uns\/","title":{"rendered":"\u00dcber mich"},"content":{"rendered":"<div data-colibri-id=\"6-c1\" class=\"style-522 style-local-6-c1 position-relative\">\n  <!---->\n  <div data-colibri-component=\"section\" data-colibri-id=\"6-c2\" id=\"custom\" class=\"h-section h-section-global-spacing d-flex align-items-lg-center align-items-md-center align-items-center style-527 style-local-6-c2 position-relative\">\n    <!---->\n    <!---->\n    <div class=\"h-section-grid-container h-section-boxed-container\">\n      <!---->\n      <div data-colibri-id=\"6-c3\" class=\"h-row-container gutters-row-lg-2 gutters-row-md-2 gutters-row-0 gutters-row-v-lg-2 gutters-row-v-md-2 gutters-row-v-2 style-528 style-local-6-c3 position-relative\">\n        <!---->\n        <div class=\"h-row justify-content-lg-center justify-content-md-center justify-content-center align-items-lg-stretch align-items-md-stretch align-items-stretch gutters-col-lg-2 gutters-col-md-2 gutters-col-0 gutters-col-v-lg-2 gutters-col-v-md-2 gutters-col-v-2\">\n          <!---->\n          <div class=\"h-column h-column-container d-flex h-col-lg-auto h-col-md-auto h-col-auto style-529-outer style-local-6-c4-outer\">\n            <div data-colibri-id=\"6-c4\" class=\"d-flex h-flex-basis h-column__inner h-px-lg-2 h-px-md-2 h-px-2 v-inner-lg-2 v-inner-md-2 v-inner-2 style-529 style-local-6-c4 position-relative\">\n              <!---->\n              <!---->\n              <div class=\"w-100 h-y-container h-column__content h-column__v-align flex-basis-100 align-self-lg-start align-self-md-start align-self-start\">\n                <!---->\n                <div data-colibri-id=\"6-c5\" class=\"h-text h-text-component style-530 style-local-6-c5 position-relative h-element\">\n                  <!---->\n                  <!---->\n                  <div class=\"\">\n                    <p>IT-Trainings seit 2001 \u2013 und trotzdem immer aktuell.<\/p>\n                  <\/div>\n                <\/div>\n                <div data-colibri-id=\"6-c6\" class=\"d-block style-602 style-local-6-c6 position-relative h-element\">\n                  <!---->\n                  <div class=\"h-image__frame-container-outer\">\n                    <div class=\"h-image__frame-container\">\n                      <!---->\n                      <!---->\n                      <img loading=\"lazy\" decoding=\"async\" width=\"512\" height=\"600\" src=\"https:\/\/wolfgang-steinert.at\/wordpress\/wp-content\/uploads\/2026\/04\/Trainer_Steinert_Wolfgang-nur-kopf-klein.jpg\" class=\"wp-image-825 style-602-image style-local-6-c6-image\" alt=\"\" srcset=\"https:\/\/wolfgang-steinert.at\/wordpress\/wp-content\/uploads\/2026\/04\/Trainer_Steinert_Wolfgang-nur-kopf-klein.jpg 512w, https:\/\/wolfgang-steinert.at\/wordpress\/wp-content\/uploads\/2026\/04\/Trainer_Steinert_Wolfgang-nur-kopf-klein-256x300.jpg 256w\" sizes=\"auto, (max-width: 512px) 100vw, 512px\" \/>\n                      <div class=\"h-image__frame h-hide-lg h-hide-md h-hide-sm style-602-frameImage style-local-6-c6-frameImage\"><\/div>\n                    <\/div>\n                  <\/div>\n                <\/div>\n              <\/div>\n            <\/div>\n          <\/div>\n        <\/div>\n      <\/div>\n      <div data-colibri-id=\"6-c7\" class=\"h-row-container gutters-row-lg-2 gutters-row-md-2 gutters-row-0 gutters-row-v-lg-2 gutters-row-v-md-2 gutters-row-v-2 style-531 style-local-6-c7 position-relative\">\n        <!---->\n        <div class=\"h-row justify-content-lg-center justify-content-md-center justify-content-center align-items-lg-stretch align-items-md-stretch align-items-stretch gutters-col-lg-2 gutters-col-md-2 gutters-col-0 gutters-col-v-lg-2 gutters-col-v-md-2 gutters-col-v-2\">\n          <!---->\n          <div class=\"h-column h-column-container d-flex h-col-lg-auto h-col-md-auto h-col-auto style-532-outer style-local-6-c8-outer\">\n            <div data-colibri-id=\"6-c8\" class=\"d-flex h-flex-basis h-column__inner h-px-lg-2 h-px-md-2 h-px-2 v-inner-lg-2 v-inner-md-2 v-inner-2 style-532 style-local-6-c8 position-relative\">\n              <!---->\n              <!---->\n              <div class=\"w-100 h-y-container h-column__content h-column__v-align flex-basis-100 align-self-lg-start align-self-md-start align-self-start\">\n                <!---->\n                <div data-colibri-id=\"6-c9\" class=\"h-text h-text-component style-533 style-local-6-c9 position-relative h-element\">\n                  <!---->\n                  <!---->\n                  <div class=\"\">\n                    <p>Ich besitze langj\u00e4hrige Trainererfahrung, sowohl im IT- Bereich (speziell Microsoft-Office), als auch in den Bereichen Moderation, Pr\u00e4sentation und Gruppen-Coaching.<\/p>\n                    <p>Meine St\u00e4rken liegen in der klaren und einfachen Wissensvermittlung auch technisch schwieriger Fragen. Detailliertes und umfangreiches Wissen verbinde ich mit Geduld, Freundlichkeit und Empathie.\n                      <br>\n                    <\/p>\n                  <\/div>\n                <\/div>\n                <div data-colibri-id=\"6-c10\" class=\"h-text h-text-component style-546 style-local-6-c10 position-relative h-element\">\n                  <!---->\n                  <!---->\n                  <div class=\"\">\n                    <p>Wissenstransfer kann nur dort gelingen, wo gegenseitiger Respekt und Vertrauen vorhanden sind.<\/p>\n                  <\/div>\n                <\/div>\n              <\/div>\n            <\/div>\n          <\/div>\n        <\/div>\n      <\/div>\n    <\/div>\n  <\/div>\n  <div data-colibri-component=\"section\" data-colibri-id=\"6-c11\" id=\"custom-2\" class=\"h-section h-section-global-spacing d-flex align-items-lg-center align-items-md-center align-items-center style-534 style-local-6-c11 position-relative\">\n    <!---->\n    <!---->\n    <div class=\"h-section-grid-container h-section-boxed-container\">\n      <!---->\n      <div data-colibri-id=\"6-c12\" class=\"h-row-container gutters-row-lg-2 gutters-row-md-2 gutters-row-0 gutters-row-v-lg-2 gutters-row-v-md-2 gutters-row-v-2 style-544 style-local-6-c12 position-relative\">\n        <!---->\n        <div class=\"h-row justify-content-lg-center justify-content-md-center justify-content-center align-items-lg-stretch align-items-md-stretch align-items-stretch gutters-col-lg-2 gutters-col-md-2 gutters-col-0 gutters-col-v-lg-2 gutters-col-v-md-2 gutters-col-v-2\">\n          <!---->\n          <div class=\"h-column h-column-container d-flex h-col-lg-auto h-col-md-auto h-col-auto style-545-outer style-local-6-c13-outer\">\n            <div data-colibri-id=\"6-c13\" class=\"d-flex h-flex-basis h-column__inner h-px-lg-2 h-px-md-2 h-px-2 v-inner-lg-2 v-inner-md-2 v-inner-2 style-545 style-local-6-c13 position-relative\">\n              <!---->\n              <!---->\n              <div class=\"w-100 h-y-container h-column__content h-column__v-align flex-basis-100 align-self-lg-start align-self-md-start align-self-start\">\n                <!---->\n                <div data-colibri-id=\"6-c14\" class=\"h-text h-text-component style-541 style-local-6-c14 position-relative h-element\">\n                  <!---->\n                  <!---->\n                  <div class=\"\">\n                    <p>Erfahrungen<\/p>\n                  <\/div>\n                <\/div>\n              <\/div>\n            <\/div>\n          <\/div>\n        <\/div>\n      <\/div>\n      <div data-colibri-id=\"6-c15\" class=\"h-row-container gutters-row-lg-2 gutters-row-md-2 gutters-row-0 gutters-row-v-lg-2 gutters-row-v-md-2 gutters-row-v-2 style-535 style-local-6-c15 position-relative\">\n        <!---->\n        <div class=\"h-row justify-content-lg-center justify-content-md-center justify-content-center align-items-lg-stretch align-items-md-stretch align-items-stretch gutters-col-lg-2 gutters-col-md-2 gutters-col-0 gutters-col-v-lg-2 gutters-col-v-md-2 gutters-col-v-2\">\n          <!---->\n          <div class=\"h-column h-column-container d-flex h-col-lg-auto h-col-md-auto h-col-auto style-536-outer style-local-6-c16-outer\">\n            <div data-colibri-id=\"6-c16\" class=\"d-flex h-flex-basis h-column__inner h-px-lg-2 h-px-md-2 h-px-2 v-inner-lg-2 v-inner-md-2 v-inner-2 style-536 style-local-6-c16 position-relative\">\n              <!---->\n              <!---->\n              <div class=\"w-100 h-y-container h-column__content h-column__v-align flex-basis-100 align-self-lg-start align-self-md-start align-self-start\">\n                <!---->\n                <div data-colibri-id=\"6-c17\" class=\"h-text h-text-component style-542 style-local-6-c17 position-relative h-element\">\n                  <!---->\n                  <!---->\n                  <div class=\"\">\n                    <p>VBA und SQL Programmierung (in kleineren Projekten)\n                      <br>IT\u2013 Coaching (MSOffice) f\u00fcr Hoyer-Brandschutz, SEDLAK AG,\u2026\n                      <br>IT\u2013 Training (u.a f\u00fcr SEDLAK AG; WIFI-Wien; ETC Weiterbildung GmbH)\n                      <br>\n                    <\/p>\n                  <\/div>\n                <\/div>\n              <\/div>\n            <\/div>\n          <\/div>\n          <div class=\"h-column h-column-container d-flex h-col-lg-auto h-col-md-auto h-col-auto style-537-outer style-local-6-c18-outer\">\n            <div data-colibri-id=\"6-c18\" class=\"d-flex h-flex-basis h-column__inner h-px-lg-2 h-px-md-2 h-px-2 v-inner-lg-2 v-inner-md-2 v-inner-2 style-537 style-local-6-c18 position-relative\">\n              <!---->\n              <!---->\n              <div class=\"w-100 h-y-container h-column__content h-column__v-align flex-basis-100 align-self-lg-start align-self-md-start align-self-start\">\n                <!---->\n                <div data-colibri-id=\"6-c19\" class=\"h-text h-text-component style-543 style-local-6-c19 position-relative h-element\">\n                  <!---->\n                  <!---->\n                  <div class=\"\">\n                    <p>Trainererfahrung \u2013 auch im non Profit-Bereich (PP\u00d6, ..)\n                      <br>Begleitung in der Trainerausbildung (Train the Trainer)\n                      <br>Moderationstraining (u.a. N\u00d6 Dorf \u2013u Stadterneuerung)<\/p>\n                  <\/div>\n                <\/div>\n              <\/div>\n            <\/div>\n          <\/div>\n        <\/div>\n      <\/div>\n    <\/div>\n  <\/div>\n  <div data-colibri-component=\"section\" data-colibri-id=\"6-c20\" id=\"custom-3\" class=\"h-section h-section-global-spacing d-flex align-items-lg-center align-items-md-center align-items-center style-561 style-local-6-c20 position-relative\">\n    <!---->\n    <!---->\n    <div class=\"h-section-grid-container h-section-boxed-container\">\n      <!---->\n      <div data-colibri-id=\"6-c21\" class=\"h-row-container gutters-row-lg-2 gutters-row-md-2 gutters-row-0 gutters-row-v-lg-2 gutters-row-v-md-2 gutters-row-v-2 style-562 style-local-6-c21 position-relative\">\n        <!---->\n        <div class=\"h-row justify-content-lg-center justify-content-md-center justify-content-center align-items-lg-stretch align-items-md-stretch align-items-stretch gutters-col-lg-2 gutters-col-md-2 gutters-col-0 gutters-col-v-lg-2 gutters-col-v-md-2 gutters-col-v-2\">\n          <!---->\n          <div class=\"h-column h-column-container d-flex h-col-lg-auto h-col-md-auto h-col-auto style-563-outer style-local-6-c22-outer\">\n            <div data-colibri-id=\"6-c22\" class=\"d-flex h-flex-basis h-column__inner h-px-lg-2 h-px-md-2 h-px-2 v-inner-lg-2 v-inner-md-2 v-inner-2 style-563 style-local-6-c22 position-relative\">\n              <!---->\n              <!---->\n              <div class=\"w-100 h-y-container h-column__content h-column__v-align flex-basis-100 align-self-lg-start align-self-md-start align-self-start\">\n                <!---->\n                <div data-colibri-id=\"6-c23\" class=\"h-x-container style-565 style-local-6-c23 position-relative h-element\">\n                  <!---->\n                  <div class=\"h-x-container-inner style-dynamic-6-c23-group style-565-spacing style-local-6-c23-spacing\"><span class=\"h-button__outer style-566-outer style-local-6-c24-outer d-inline-flex h-element\"><a h-use-smooth-scroll=\"true\" href=\"https:\/\/wolfgang-steinert.at\/index.php\/privacy-policy\/\"  data-colibri-id=\"6-c24\" class=\"d-flex w-100 align-items-center h-button justify-content-lg-center justify-content-md-center justify-content-center style-566 style-local-6-c24 position-relative\"><!----><!----> <span>Impressum<\/span><\/a>\n                    <\/span><span class=\"h-button__outer style-569-outer style-local-6-c25-outer d-inline-flex h-element\"><a h-use-smooth-scroll=\"true\" href=\"https:\/\/wolfgang-steinert.at\/index.php\/kontakt\/\"  data-colibri-id=\"6-c25\" class=\"d-flex w-100 align-items-center h-button justify-content-lg-center justify-content-md-center justify-content-center style-569 style-local-6-c25 position-relative\"><!----><!----> <span>Kontakt<\/span><\/a>\n                    <\/span>\n                  <\/div>\n                <\/div>\n              <\/div>\n            <\/div>\n          <\/div>\n        <\/div>\n      <\/div>\n    <\/div>\n  <\/div>\n<\/div>","protected":false},"excerpt":{"rendered":"<p>IT-Trainings seit 2001 \u2013 und trotzdem immer aktuell. Ich besitze langj\u00e4hrige Trainererfahrung, sowohl im IT- Bereich (speziell Microsoft-Office), als auch in den Bereichen Moderation, Pr\u00e4sentation und Gruppen-Coaching. Meine St\u00e4rken liegen in der klaren und einfachen Wissensvermittlung auch technisch schwieriger Fragen. Detailliertes und umfangreiches Wissen verbinde ich mit Geduld, Freundlichkeit und Empathie. Wissenstransfer kann nur dort [&hellip;]<\/p>\n","protected":false},"author":1,"featured_media":0,"parent":0,"menu_order":0,"comment_status":"closed","ping_status":"closed","template":"page-templates\/full-width-page.php","meta":{"footnotes":""},"class_list":["post-6","page","type-page","status-publish","hentry"],"_links":{"self":[{"href":"https:\/\/wolfgang-steinert.at\/index.php\/wp-json\/wp\/v2\/pages\/6","targetHints":{"allow":["GET"]}}],"collection":[{"href":"https:\/\/wolfgang-steinert.at\/index.php\/wp-json\/wp\/v2\/pages"}],"about":[{"href":"https:\/\/wolfgang-steinert.at\/index.php\/wp-json\/wp\/v2\/types\/page"}],"author":[{"embeddable":true,"href":"https:\/\/wolfgang-steinert.at\/index.php\/wp-json\/wp\/v2\/users\/1"}],"replies":[{"embeddable":true,"href":"https:\/\/wolfgang-steinert.at\/index.php\/wp-json\/wp\/v2\/comments?post=6"}],"version-history":[{"count":16,"href":"https:\/\/wolfgang-steinert.at\/index.php\/wp-json\/wp\/v2\/pages\/6\/revisions"}],"predecessor-version":[{"id":827,"href":"https:\/\/wolfgang-steinert.at\/index.php\/wp-json\/wp\/v2\/pages\/6\/revisions\/827"}],"wp:attachment":[{"href":"https:\/\/wolfgang-steinert.at\/index.php\/wp-json\/wp\/v2\/media?parent=6"}],"curies":[{"name":"wp","href":"https:\/\/api.w.org\/{rel}","templated":true}]}}